{"id":2270,"date":"2017-10-14T06:38:21","date_gmt":"2017-10-14T06:38:21","guid":{"rendered":"https:\/\/kuteshop.kutethemes.net\/?page_id=2270"},"modified":"2025-09-19T15:20:02","modified_gmt":"2025-09-19T12:20:02","slug":"fashion","status":"publish","type":"page","link":"https:\/\/www.souqnor.com\/tr\/","title":{"rendered":"ANA SAYFA"},"content":{"rendered":"<p><div class=\"vc_row wpb_row vc_row-fluid\"><div class=\"wpb_column vc_column_container vc_col-sm-12\"><div class=\"vc_column-inner\"><div class=\"wpb_wrapper\"><div class=\"wpb_gallery wpb_content_element vc_clearfix ovic_vc_custom_68cd4a7346bd9 \" ><div class=\"wpb_wrapper\"><div class=\"wpb_gallery_slides wpb_flexslider flexslider_fade flexslider\" data-interval=\"3\" data-flex_fx=\"fade\"><ul class=\"slides\"><li><a class=\"prettyphoto\" href=\"https:\/\/www.souqnor.com\/wp-content\/uploads\/2019\/08\/istanbul-turkiye-souqnor-1024x298.png\" data-rel=\"prettyPhoto[rel-2270-1731570422]\"><figure><img loading=\"lazy\" decoding=\"async\" width=\"900\" height=\"262\" src=\"data:image\/svg+xml;charset=utf-8,%3Csvg%20xmlns%3D%27http%3A%2F%2Fwww.w3.org%2F2000%2Fsvg%27%20viewBox%3D%270%200%20900%20262%27%2F%3E\" class=\"attachment-large lazy\" alt=\"istanbul-turkiye-souqnor.png\" data-src=\"https:\/\/www.souqnor.com\/wp-content\/uploads\/2019\/08\/istanbul-turkiye-souqnor-1024x298.png\" data-srcset=\"https:\/\/www.souqnor.com\/wp-content\/uploads\/2019\/08\/istanbul-turkiye-souqnor-1024x298.png 1024w, https:\/\/www.souqnor.com\/wp-content\/uploads\/2019\/08\/istanbul-turkiye-souqnor-300x87.png 300w, https:\/\/www.souqnor.com\/wp-content\/uploads\/2019\/08\/istanbul-turkiye-souqnor-768x223.png 768w, https:\/\/www.souqnor.com\/wp-content\/uploads\/2019\/08\/istanbul-turkiye-souqnor-600x174.png 600w, https:\/\/www.souqnor.com\/wp-content\/uploads\/2019\/08\/istanbul-turkiye-souqnor-64x19.png 64w, https:\/\/www.souqnor.com\/wp-content\/uploads\/2019\/08\/istanbul-turkiye-souqnor.png 1170w\" data-sizes=\"(max-width: 900px) 100vw, 900px\" \/><\/figure><\/a><\/li><\/ul><\/div><\/div><\/div><div class=\"vc_row wpb_row vc_inner vc_row-fluid vc_custom_1758021887681 vc_row-has-fill ovic_vc_custom_68cd4a7346bda vc_custom_1758021887681 vc_custom_1758021887683 vc_custom_1758021887686\"><div class=\"wpb_column vc_column_container vc_col-sm-12\"><div class=\"vc_column-inner\"><div class=\"wpb_wrapper\"><div class=\"vc_empty_space vc_custom_1758022020221 ovic_vc_custom_68cd4a7346bdb vc_custom_1758022020221 vc_custom_1758022020222 vc_custom_1758022020231\"\n\t  style=\"height: 32px\"><span class=\"vc_empty_space_inner\"><\/span><\/div>\n\n\t<div class=\"wpb_text_column wpb_content_element ovic_vc_custom_68cd4a7346bdc \" >\n\t\t<div class=\"wpb_wrapper\">\n\t\t\t<p>SOUQNOR&#8217;a Ho\u015f Geldiniz &#8211; Teknolojinin Sa\u011fl\u0131k Bilgisiyle Bulu\u015ftu\u011fu Yer<\/p>\n<p>2019 y\u0131l\u0131nda T\u00fcrkiye&#8217;de kurulan SOUQNOR, yolculu\u011funa e-ticaret alan\u0131nda ba\u015flad\u0131. Zamanla vizyonumuz geli\u015fti ve bug\u00fcn, \u00f6zel b\u00f6l\u00fcm\u00fcm\u00fcz <a href=\"https:\/\/fsoftdev.com\" target=\"_blank\" rel=\"noopener\">FSoftDev<\/a> arac\u0131l\u0131\u011f\u0131yla ileri teknoloji \u00e7\u00f6z\u00fcmleri ve yaz\u0131l\u0131m geli\u015ftirme konusunda uzmanla\u015ft\u0131k. \u0130\u015fletmelerin ve bireylerin dijital d\u00fcnyada b\u00fcy\u00fcmelerine ve geli\u015fmelerine yard\u0131mc\u0131 olan web siteleri, uygulamalar ve yenilik\u00e7i yaz\u0131l\u0131m \u00e7\u00f6z\u00fcmleri tasarl\u0131yor ve geli\u015ftiriyoruz.<\/p>\n\n\t\t<\/div>\n\t<\/div>\n<\/div><\/div><\/div><\/div><\/div><\/div><\/div><\/div><div class=\"vc_row wpb_row vc_row-fluid\"><div class=\"wpb_column vc_column_container vc_col-sm-12\"><div class=\"vc_column-inner\"><div class=\"wpb_wrapper\"><div class=\"vc_empty_space ovic_vc_custom_68cd4a7346bdd\"\n\t  style=\"height: 32px\"><span class=\"vc_empty_space_inner\"><\/span><\/div>\n\r\n\t<div  class=\"wpb_single_image wpb_content_element vc_align_center ovic_vc_custom_68cd4a7346bde\">\r\n\t\t\r\n\t\t<figure class=\"wpb_wrapper vc_figure\">\r\n\t\t\t<a href=\"https:\/\/fsoft.souqnor.com\" target=\"_blank\" class=\"vc_single_image-wrapper vc_box_rounded  vc_box_border_grey effect plus-zoom \" rel=\"noopener\"><figure><img loading=\"lazy\" decoding=\"async\" width=\"1170\" height=\"450\" src=\"data:image\/svg+xml;charset=utf-8,%3Csvg%20xmlns%3D%27http%3A%2F%2Fwww.w3.org%2F2000%2Fsvg%27%20viewBox%3D%270%200%201170%20450%27%2F%3E\" class=\"vc_single_image-img attachment-full lazy\" alt=\"Fsoft-En\" data-src=\"https:\/\/www.souqnor.com\/wp-content\/uploads\/2021\/02\/Artboard-\u0661-8.png\" data-srcset=\"https:\/\/www.souqnor.com\/wp-content\/uploads\/2021\/02\/Artboard-\u0661-8.png 1170w, https:\/\/www.souqnor.com\/wp-content\/uploads\/2021\/02\/Artboard-\u0661-8-300x115.png 300w, https:\/\/www.souqnor.com\/wp-content\/uploads\/2021\/02\/Artboard-\u0661-8-1024x394.png 1024w, https:\/\/www.souqnor.com\/wp-content\/uploads\/2021\/02\/Artboard-\u0661-8-768x295.png 768w, https:\/\/www.souqnor.com\/wp-content\/uploads\/2021\/02\/Artboard-\u0661-8-600x231.png 600w\" data-sizes=\"(max-width: 1170px) 100vw, 1170px\" \/><\/figure><\/a>\r\n\t\t<\/figure>\r\n\t<\/div>\r\n<\/div><\/div><\/div><\/div><\/p>","protected":false},"excerpt":{"rendered":"SOUQNOR'a Ho\u015f Geldiniz - Teknolojinin Sa\u011fl\u0131k Bilgisiyle Bulu\u015ftu\u011fu Yer 2019 y\u0131l\u0131nda T\u00fcrkiye'de kurulan SOUQNOR, yolculu\u011funa e-ticaret alan\u0131nda ba\u015flad\u0131. Zamanla vizyonumuz geli\u015fti ve bug\u00fcn, \u00f6zel b\u00f6l\u00fcm\u00fcm\u00fcz FSoftDev arac\u0131l\u0131\u011f\u0131yla ileri teknoloji \u00e7\u00f6z\u00fcmleri ve yaz\u0131l\u0131m geli\u015ftirme konusunda uzmanla\u015ft\u0131k. \u0130\u015fletmelerin ve bireylerin dijital d\u00fcnyada b\u00fcy\u00fcmelerine ve geli\u015fmelerine yard\u0131mc\u0131 olan web siteleri, uygulamalar ve yenilik\u00e7i yaz\u0131l\u0131m \u00e7\u00f6z\u00fcmleri tasarl\u0131yor ve geli\u015ftiriyoruz.","protected":false},"author":1,"featured_media":0,"parent":0,"menu_order":0,"comment_status":"open","ping_status":"open","template":"templates\/fullwidth.php","meta":{"likes":0,"_lmt_disableupdate":"","_lmt_disable":"","footnotes":""},"class_list":["post-2270","page","type-page","status-publish","hentry"],"_links":{"self":[{"href":"https:\/\/www.souqnor.com\/tr\/wp-json\/wp\/v2\/pages\/2270","targetHints":{"allow":["GET"]}}],"collection":[{"href":"https:\/\/www.souqnor.com\/tr\/wp-json\/wp\/v2\/pages"}],"about":[{"href":"https:\/\/www.souqnor.com\/tr\/wp-json\/wp\/v2\/types\/page"}],"author":[{"embeddable":true,"href":"https:\/\/www.souqnor.com\/tr\/wp-json\/wp\/v2\/users\/1"}],"replies":[{"embeddable":true,"href":"https:\/\/www.souqnor.com\/tr\/wp-json\/wp\/v2\/comments?post=2270"}],"version-history":[{"count":404,"href":"https:\/\/www.souqnor.com\/tr\/wp-json\/wp\/v2\/pages\/2270\/revisions"}],"predecessor-version":[{"id":159470,"href":"https:\/\/www.souqnor.com\/tr\/wp-json\/wp\/v2\/pages\/2270\/revisions\/159470"}],"wp:attachment":[{"href":"https:\/\/www.souqnor.com\/tr\/wp-json\/wp\/v2\/media?parent=2270"}],"curies":[{"name":"wp","href":"https:\/\/api.w.org\/{rel}","templated":true}]}}