{"id":2724,"date":"2017-10-31T10:06:18","date_gmt":"2017-10-31T03:06:18","guid":{"rendered":"https:\/\/kuteshop.kutethemes.net\/?page_id=2724"},"modified":"2019-10-13T22:56:27","modified_gmt":"2019-10-13T19:56:27","slug":"contact-us","status":"publish","type":"page","link":"https:\/\/www.souqnor.com\/tr\/contact-us\/","title":{"rendered":"ileti\u015fime"},"content":{"rendered":"<p><div class=\"vc_row wpb_row vc_row-fluid\"><div class=\"wpb_column vc_column_container vc_col-sm-6 vc_custom_1499915764134\"><div class=\"vc_column-inner vc_custom_1499915764134\"><div class=\"wpb_wrapper\"><h2 style=\"font-size: 18px;color: #333333;line-height: 1;text-align: left;font-family:Open Sans;font-weight:600;font-style:normal\" class=\"vc_custom_heading vc_custom_1565703222098 ovic_vc_custom_5da3816bdf63f vc_custom_1565703222098\" >Mesaj b\u0131rak\u0131n<\/h2><div class=\"vc_separator wpb_content_element vc_separator_align_center vc_sep_width_100 vc_sep_pos_align_center vc_separator_no_text\" ><span class=\"vc_sep_holder vc_sep_holder_l\"><span  style=\"border-color:#e6e6e6;\" class=\"vc_sep_line\"><\/span><\/span><span class=\"vc_sep_holder vc_sep_holder_r\"><span  style=\"border-color:#e6e6e6;\" class=\"vc_sep_line\"><\/span><\/span>\n<\/div><div role=\"form\" class=\"wpcf7\" id=\"wpcf7-f1712-o2\" lang=\"en-US\" dir=\"ltr\">\n<div class=\"screen-reader-response\"><\/div>\n<form action=\"\/tr\/wp-json\/wp\/v2\/pages\/2724#wpcf7-f1712-o2\" method=\"post\" class=\"wpcf7-form\" novalidate=\"novalidate\">\n<div style=\"display: none;\">\n<input type=\"hidden\" name=\"_wpcf7\" value=\"1712\" \/>\n<input type=\"hidden\" name=\"_wpcf7_version\" value=\"5.1.5\" \/>\n<input type=\"hidden\" name=\"_wpcf7_locale\" value=\"en_US\" \/>\n<input type=\"hidden\" name=\"_wpcf7_unit_tag\" value=\"wpcf7-f1712-o2\" \/>\n<input type=\"hidden\" name=\"_wpcf7_container_post\" value=\"0\" \/>\n<input type=\"hidden\" name=\"g-recaptcha-response\" value=\"\" \/>\n<\/div>\n<div class=\"row\">\n<div class=\"contact-form\">\n<div class=\"col-sm-6\">\n        <label> Ad\u0131n\u0131z *<br \/>\n        <span class=\"wpcf7-form-control-wrap your-name\"><input type=\"text\" name=\"your-name\" value=\"\" size=\"40\" class=\"wpcf7-form-control wpcf7-text wpcf7-validates-as-required\" aria-required=\"true\" aria-invalid=\"false\" \/><\/span> <\/label>\n    <\/div>\n<div class=\"col-sm-6\">\n        <label> E-posta Adresi *<br \/>\n        <span class=\"wpcf7-form-control-wrap your-email\"><input type=\"email\" name=\"your-email\" value=\"\" size=\"40\" class=\"wpcf7-form-control wpcf7-text wpcf7-email wpcf7-validates-as-required wpcf7-validates-as-email\" aria-required=\"true\" aria-invalid=\"false\" \/><\/span> <\/label>\n    <\/div>\n<div class=\"col-sm-6\">\n        <label> Telefon<br \/>\n        <span class=\"wpcf7-form-control-wrap tel-344\"><input type=\"tel\" name=\"tel-344\" value=\"\" size=\"40\" class=\"wpcf7-form-control wpcf7-text wpcf7-tel wpcf7-validates-as-tel\" aria-invalid=\"false\" \/><\/span> <\/label>\n    <\/div>\n<div class=\"col-sm-6\">\n        <label> konu<br \/>\n        <span class=\"wpcf7-form-control-wrap your-subject\"><input type=\"text\" name=\"your-subject\" value=\"\" size=\"40\" class=\"wpcf7-form-control wpcf7-text\" aria-invalid=\"false\" \/><\/span> <\/label>\n    <\/div>\n<div class=\"col-sm-12\">\n       <label> Mesaj\u0131n *<br \/>\n       <span class=\"wpcf7-form-control-wrap your-message\"><textarea name=\"your-message\" cols=\"40\" rows=\"10\" class=\"wpcf7-form-control wpcf7-textarea\" aria-invalid=\"false\"><\/textarea><\/span> <\/label>\n    <\/div>\n<div class=\"col-sm-12\">\n       <input type=\"submit\" value=\"G\u00d6NDER\" class=\"wpcf7-form-control wpcf7-submit\" \/>\n    <\/div>\n<\/div>\n<\/div>\n<div class=\"wpcf7-response-output wpcf7-display-none\"><\/div><\/form><\/div><\/div><\/div><\/div><div class=\"wpb_column vc_column_container vc_col-sm-6 vc_custom_1499915770833\"><div class=\"vc_column-inner vc_custom_1499915770833\"><div class=\"wpb_wrapper\"><h2 style=\"font-size: 18px;color: #333333;line-height: 1;text-align: left;font-family:Open Sans;font-weight:600;font-style:normal\" class=\"vc_custom_heading vc_custom_1567184231588 ovic_vc_custom_5da3816bdf642 vc_custom_1567184231588\" >\u0130LET\u0130\u015e\u0130M B\u0130LG\u0130LER\u0130<\/h2><div class=\"vc_separator wpb_content_element vc_separator_align_center vc_sep_width_100 vc_sep_pos_align_center vc_separator_no_text\" ><span class=\"vc_sep_holder vc_sep_holder_l\"><span  style=\"border-color:#e6e6e6;\" class=\"vc_sep_line\"><\/span><\/span><span class=\"vc_sep_holder vc_sep_holder_r\"><span  style=\"border-color:#e6e6e6;\" class=\"vc_sep_line\"><\/span><\/span>\n<\/div>\n\t<div class=\"wpb_text_column wpb_content_element ovic_vc_custom_5da3816bdf643 \" >\n\t\t<div class=\"wpb_wrapper\">\n\t\t\t<h4 class=\"vc_custom_heading vc_custom_1510908907383 vc_custom_1510908907383\"><strong style=\"color: #666666; font-size: 16px;\">Address:<\/strong><\/h4>\n<div class=\"wpb_text_column wpb_content_element ovic_vc_custom_5d659361720d5 \">\n<div class=\"wpb_wrapper\">\n<p>YAKUPLU MAH. GAZIEMIR CAD, G\u00dcN 1 SITESI AA2 BLOK NO: 8<br \/>\nISTANBUL \/ TURKIYE<\/p>\n<p><strong>Email:<\/strong><br \/>\ninfo@souqnor.com<br \/>\ncontact@souqnor.com<\/p>\n<\/div>\n<\/div>\n\n\t\t<\/div>\n\t<\/div>\n<div class=\"vc_row wpb_row vc_inner vc_row-fluid\"><div class=\"wpb_column vc_column_container vc_col-sm-6\"><div class=\"vc_column-inner\"><div class=\"wpb_wrapper\">\n\t<div class=\"wpb_text_column wpb_content_element ovic_vc_custom_5da3816bdf644 \" >\n\t\t<div class=\"wpb_wrapper\">\n\t\t\t<p style=\"text-align: center;\"><a style=\"color: #2ca5e0;\" href=\"https:\/\/t.me\/SOUQNOR\" target=\"_blank\" rel=\"noopener noreferrer\"><br \/>\n<i class=\"fa fa-paper-plane fa-2x\"><\/i><br \/>\n<\/a><\/p>\n\n\t\t<\/div>\n\t<\/div>\n<\/div><\/div><\/div><div class=\"wpb_column vc_column_container vc_col-sm-6\"><div class=\"vc_column-inner\"><div class=\"wpb_wrapper\">\n\t<div class=\"wpb_text_column wpb_content_element ovic_vc_custom_5da3816bdf645 \" >\n\t\t<div class=\"wpb_wrapper\">\n\t\t\t<p style=\"text-align: center;\"><a style=\"color: #25d366;\" href=\"https:\/\/api.whatsapp.com\/send?phone=00905349338994\" target=\"_blank\" rel=\"noopener noreferrer\"><br \/>\n<i class=\"fa fa-whatsapp fa-2x\"><\/i><br \/>\n<\/a><\/p>\n\n\t\t<\/div>\n\t<\/div>\n<\/div><\/div><\/div><\/div><div class=\"vc_empty_space ovic_vc_custom_5da3816bdf646\"\n\t  style=\"height: 20px\"><span class=\"vc_empty_space_inner\"><\/span><\/div>\n<div class=\"wpb_gmaps_widget wpb_content_element ovic_vc_custom_5da3816bdf647 \">\n\t\t<div class=\"wpb_wrapper\">\n\t\t<div class=\"wpb_map_wraper\">\n\t\t\t<iframe loading=\"lazy\" src=\"https:\/\/www.google.com\/maps\/embed?pb=!1m22!1m12!1m3!1d6022.09254310367!2d28.668110522774754!3d41.002360417205146!2m3!1f0!2f0!3f0!3m2!1i1024!2i768!4f13.1!4m7!3e0!4m0!4m4!2s41.002383878897234%2C%2028.67239832375952!3m2!1d41.0023839!2d28.672398299999998!5e0!3m2!1sen!2str!4v1566936834262!5m2!1sen!2str\" width=\"600\" height=\"350\" frameborder=\"0\" style=\"border:0;\" allowfullscreen=\"\"><\/iframe>\t\t<\/div>\n\t<\/div>\n<\/div>\n<\/div><\/div><\/div><\/div><\/p>","protected":false},"excerpt":{"rendered":"Mesaj b\u0131rak\u0131n Ad\u0131n\u0131z * E-posta Adresi * Telefon konu Mesaj\u0131n * \u0130LET\u0130\u015e\u0130M B\u0130LG\u0130LER\u0130 Address: YAKUPLU MAH. GAZIEMIR CAD, G\u00dcN 1 SITESI AA2 BLOK NO: 8 ISTANBUL \/ TURKIYE Email: info@souqnor.com contact@souqnor.com","protected":false},"author":1,"featured_media":0,"parent":0,"menu_order":0,"comment_status":"closed","ping_status":"closed","template":"","meta":{"likes":0,"_lmt_disableupdate":"","_lmt_disable":"","footnotes":""},"class_list":["post-2724","page","type-page","status-publish","hentry"],"_links":{"self":[{"href":"https:\/\/www.souqnor.com\/tr\/wp-json\/wp\/v2\/pages\/2724","targetHints":{"allow":["GET"]}}],"collection":[{"href":"https:\/\/www.souqnor.com\/tr\/wp-json\/wp\/v2\/pages"}],"about":[{"href":"https:\/\/www.souqnor.com\/tr\/wp-json\/wp\/v2\/types\/page"}],"author":[{"embeddable":true,"href":"https:\/\/www.souqnor.com\/tr\/wp-json\/wp\/v2\/users\/1"}],"replies":[{"embeddable":true,"href":"https:\/\/www.souqnor.com\/tr\/wp-json\/wp\/v2\/comments?post=2724"}],"version-history":[{"count":31,"href":"https:\/\/www.souqnor.com\/tr\/wp-json\/wp\/v2\/pages\/2724\/revisions"}],"predecessor-version":[{"id":30782,"href":"https:\/\/www.souqnor.com\/tr\/wp-json\/wp\/v2\/pages\/2724\/revisions\/30782"}],"wp:attachment":[{"href":"https:\/\/www.souqnor.com\/tr\/wp-json\/wp\/v2\/media?parent=2724"}],"curies":[{"name":"wp","href":"https:\/\/api.w.org\/{rel}","templated":true}]}}