{"id":3,"date":"2019-07-22T17:29:49","date_gmt":"2019-07-22T17:29:49","guid":{"rendered":"https:\/\/souqnor.com\/?page_id=3"},"modified":"2019-08-21T14:23:45","modified_gmt":"2019-08-21T14:23:45","slug":"privacy-policy","status":"publish","type":"page","link":"https:\/\/www.souqnor.com\/tr\/privacy-policy\/","title":{"rendered":"Gizlilik Politikas\u0131"},"content":{"rendered":"<p><div class=\"vc_row wpb_row vc_row-fluid\"><div class=\"wpb_column vc_column_container vc_col-sm-12\"><div class=\"vc_column-inner\"><div class=\"wpb_wrapper\"><div class=\"vc_row wpb_row vc_inner vc_row-fluid\"><div class=\"wpb_column vc_column_container vc_col-sm-12\"><div class=\"vc_column-inner\"><div class=\"wpb_wrapper\">\n\t<div class=\"wpb_text_column wpb_content_element vc_custom_1566397416062 ovic_vc_custom_5d5d53f1ad3a5 vc_custom_1566397416062 \" >\n\t\t<div class=\"wpb_wrapper\">\n\t\t\t<p><strong>Gizlilik Politikas\u0131<\/strong><\/p>\n\n\t\t<\/div>\n\t<\/div>\n<\/div><\/div><\/div><\/div><div class=\"vc_row wpb_row vc_inner vc_row-fluid\"><div class=\"wpb_column vc_column_container vc_col-sm-12\"><div class=\"vc_column-inner\"><div class=\"wpb_wrapper\">\n\t<div class=\"wpb_text_column wpb_content_element ovic_vc_custom_5d5d53f1ad3a6 \" >\n\t\t<div class=\"wpb_wrapper\">\n\t\t\t<p><strong>Ziyaret\u00e7i Gizlili\u011fi<\/strong><\/p>\n\n\t\t<\/div>\n\t<\/div>\n<\/div><\/div><\/div><\/div>\n\t<div class=\"wpb_text_column wpb_content_element ovic_vc_custom_5d5d53f1ad3a8 \" >\n\t\t<div class=\"wpb_wrapper\">\n\t\t\t<p>De\u011ferli M\u00fc\u015fterimiz, Bu \u015firketler ziyaretinizle ilgili bilgileri DART profilinde ilginizi \u00e7eken mallar ve hizmetler hakk\u0131nda, ancak ad\u0131n\u0131z, adresiniz, e-posta adresiniz ve telefon numaran\u0131z d\u0131\u015f\u0131nda reklam vermek i\u00e7in kullanma hakk\u0131na sahiptir. \u0130sterseniz DART profilini engelleyin &#8230;&#8230;..<\/p>\n\n\t\t<\/div>\n\t<\/div>\n<div class=\"vc_row wpb_row vc_inner vc_row-fluid\"><div class=\"wpb_column vc_column_container vc_col-sm-12\"><div class=\"vc_column-inner\"><div class=\"wpb_wrapper\">\n\t<div class=\"wpb_text_column wpb_content_element ovic_vc_custom_5d5d53f1ad3a9 \" >\n\t\t<div class=\"wpb_wrapper\">\n\t\t\t<p><strong>\u00c7erezler:<\/strong><\/p>\n\n\t\t<\/div>\n\t<\/div>\n<\/div><\/div><\/div><\/div><\/div><\/div><\/div><\/div><div class=\"vc_row wpb_row vc_row-fluid\"><div class=\"wpb_column vc_column_container vc_col-sm-12\"><div class=\"vc_column-inner\"><div class=\"wpb_wrapper\">\n\t<div class=\"wpb_text_column wpb_content_element ovic_vc_custom_5d5d53f1ad3aa \" >\n\t\t<div class=\"wpb_wrapper\">\n\t\t\t<p>Sitemizi ziyaret etti\u011finizde ve etkile\u015fim kurdu\u011funuzda ve sat\u0131n ald\u0131\u011f\u0131n\u0131zda ki\u015fisel verilerinizi kulland\u0131\u011f\u0131n\u0131zda, bu t\u00fcr verilerin Site sunucular\u0131nda iletilece\u011fini ve depolanaca\u011f\u0131n\u0131 kabul edersiniz. \u00c7erezler (takip kay\u0131tlar\u0131) web sitesinde tan\u0131t\u0131m\u0131n etkinli\u011fini \u00f6l\u00e7mek ve g\u00fcven sa\u011flamak ve size zaman kazand\u0131r\u0131r, ziyaret etmek istedi\u011finizde veya ziyaret etmek istedi\u011finizde size zaman kazand\u0131r\u0131r, \u00e7\u00fcnk\u00fc \u00e7erezler IP adresini ke\u015ffetmek ve b\u00f6ylece \u00d6rne\u011fin, al\u0131\u015fveri\u015f sepetinizi e-postan\u0131z\u0131 yeniden yazman\u0131za gerek kalmadan de\u011fi\u015ftirmek zorunda kalmadan kimli\u011finizi hat\u0131rlaman\u0131z gerekir, taray\u0131c\u0131n\u0131z \u00e7erezleri kabul etmeyecek \u015fekilde ayarlanabilir, ancak bu siteyi kullan\u0131m\u0131n\u0131z\u0131 s\u0131n\u0131rland\u0131r\u0131r. O \u00e7erezleri biliyorum (ko Ay\u0131r\u0131m) herhangi bir ki\u015fisel bilgi i\u00e7ermez ve vir\u00fcslerden serbesttir etmez.<\/p>\n\n\t\t<\/div>\n\t<\/div>\n<\/div><\/div><\/div><\/div><div class=\"vc_row wpb_row vc_row-fluid\"><div class=\"wpb_column vc_column_container vc_col-sm-12\"><div class=\"vc_column-inner\"><div class=\"wpb_wrapper\">\n\t<div class=\"wpb_text_column wpb_content_element ovic_vc_custom_5d5d53f1ad3ab \" >\n\t\t<div class=\"wpb_wrapper\">\n\t\t\t<p><strong>G\u00fcvenlik:<\/strong><\/p>\n\n\t\t<\/div>\n\t<\/div>\n<\/div><\/div><\/div><\/div><div class=\"vc_row wpb_row vc_row-fluid\"><div class=\"wpb_column vc_column_container vc_col-sm-12\"><div class=\"vc_column-inner\"><div class=\"wpb_wrapper\">\n\t<div class=\"wpb_text_column wpb_content_element ovic_vc_custom_5d5d53f1ad3ad \" >\n\t\t<div class=\"wpb_wrapper\">\n\t\t\t<p>Kullan\u0131c\u0131lardan toplad\u0131\u011f\u0131m\u0131z bilgiler (ad, adres, e-posta ve telefon numaras\u0131) g\u00fcvenli bir elektronik sunucuda saklan\u0131r, sunucular\u0131m\u0131zda bir g\u00fcvenlik duvar\u0131 kullan\u0131r\u0131z; b\u00f6ylece \u00f6deme kart\u0131 ayr\u0131nt\u0131lar\u0131n\u0131 toplarken, \u015fifreleme teknikleriyle en iyi SSL yaz\u0131l\u0131m\u0131 ile koruruz.<\/p>\n\n\t\t<\/div>\n\t<\/div>\n<\/div><\/div><\/div><\/div><div class=\"vc_row wpb_row vc_row-fluid\"><div class=\"wpb_column vc_column_container vc_col-sm-12\"><div class=\"vc_column-inner\"><div class=\"wpb_wrapper\">\n\t<div class=\"wpb_text_column wpb_content_element ovic_vc_custom_5d5d53f1ad3ae \" >\n\t\t<div class=\"wpb_wrapper\">\n\t\t\t<p><strong>Servis Duyurular\u0131<\/strong><\/p>\n\n\t\t<\/div>\n\t<\/div>\n<\/div><\/div><\/div><\/div><div class=\"vc_row wpb_row vc_row-fluid\"><div class=\"wpb_column vc_column_container vc_col-sm-12\"><div class=\"vc_column-inner\"><div class=\"wpb_wrapper\">\n\t<div class=\"wpb_text_column wpb_content_element vc_custom_1566397347417 ovic_vc_custom_5d5d53f1ad3af vc_custom_1566397347417 \" >\n\t\t<div class=\"wpb_wrapper\">\n\t\t\t<p>Nadir durumlarda, kesinlikle hizmetle ilgili bir duyuru yapmak gerekir. \u00d6rne\u011fin, servisimiz bak\u0131m nedeniyle ge\u00e7ici olarak ask\u0131ya al\u0131nm\u0131\u015fsa, kullan\u0131c\u0131lara bir e-posta g\u00f6nderebiliriz. Genel olarak, kullan\u0131c\u0131lar hesaplar\u0131n\u0131 devre d\u0131\u015f\u0131 b\u0131rakabilmelerine ra\u011fmen, bu ba\u011flant\u0131lar\u0131n aboneli\u011finden \u00e7\u0131kamayabilir. Ancak, bu mesajlar do\u011fada tan\u0131t\u0131m ama\u00e7l\u0131 de\u011fildir.<\/p>\n\n\t\t<\/div>\n\t<\/div>\n<\/div><\/div><\/div><\/div><\/p>","protected":false},"excerpt":{"rendered":"Gizlilik Politikas\u0131 Ziyaret\u00e7i Gizlili\u011fi De\u011ferli M\u00fc\u015fterimiz, Bu \u015firketler ziyaretinizle ilgili bilgileri DART profilinde ilginizi \u00e7eken mallar ve hizmetler hakk\u0131nda, ancak ad\u0131n\u0131z, adresiniz, e-posta adresiniz ve telefon numaran\u0131z d\u0131\u015f\u0131nda reklam vermek i\u00e7in kullanma hakk\u0131na sahiptir. \u0130sterseniz DART profilini engelleyin ........ \u00c7erezler: Sitemizi ziyaret etti\u011finizde ve etkile\u015fim kurdu\u011funuzda ve sat\u0131n ald\u0131\u011f\u0131n\u0131zda ki\u015fisel verilerinizi kulland\u0131\u011f\u0131n\u0131zda, bu t\u00fcr verilerin [...]","protected":false},"author":1,"featured_media":0,"parent":0,"menu_order":0,"comment_status":"closed","ping_status":"open","template":"templates\/fullwidth.php","meta":{"likes":0,"_lmt_disableupdate":"","_lmt_disable":"","footnotes":""},"class_list":["post-3","page","type-page","status-publish","hentry"],"_links":{"self":[{"href":"https:\/\/www.souqnor.com\/tr\/wp-json\/wp\/v2\/pages\/3","targetHints":{"allow":["GET"]}}],"collection":[{"href":"https:\/\/www.souqnor.com\/tr\/wp-json\/wp\/v2\/pages"}],"about":[{"href":"https:\/\/www.souqnor.com\/tr\/wp-json\/wp\/v2\/types\/page"}],"author":[{"embeddable":true,"href":"https:\/\/www.souqnor.com\/tr\/wp-json\/wp\/v2\/users\/1"}],"replies":[{"embeddable":true,"href":"https:\/\/www.souqnor.com\/tr\/wp-json\/wp\/v2\/comments?post=3"}],"version-history":[{"count":31,"href":"https:\/\/www.souqnor.com\/tr\/wp-json\/wp\/v2\/pages\/3\/revisions"}],"predecessor-version":[{"id":10082,"href":"https:\/\/www.souqnor.com\/tr\/wp-json\/wp\/v2\/pages\/3\/revisions\/10082"}],"wp:attachment":[{"href":"https:\/\/www.souqnor.com\/tr\/wp-json\/wp\/v2\/media?parent=3"}],"curies":[{"name":"wp","href":"https:\/\/api.w.org\/{rel}","templated":true}]}}